{"id":6,"date":"2022-11-05T22:10:55","date_gmt":"2022-11-06T01:10:55","guid":{"rendered":"http:\/\/sistematucuju.com.br\/imparavelefeminina\/?page_id=6"},"modified":"2024-01-17T12:15:18","modified_gmt":"2024-01-17T15:15:18","slug":"inicio","status":"publish","type":"page","link":"http:\/\/sistematucuju.com.br\/imparavelefeminina\/","title":{"rendered":"In\u00edcio"},"content":{"rendered":"<style>\/*! elementor - v3.18.0 - 20-12-2023 *\/\n.elementor-heading-title{padding:0;margin:0;line-height:1}.elementor-widget-heading .elementor-heading-title[class*=elementor-size-]>a{color:inherit;font-size:inherit;line-height:inherit}.elementor-widget-heading .elementor-heading-title.elementor-size-small{font-size:15px}.elementor-widget-heading .elementor-heading-title.elementor-size-medium{font-size:19px}.elementor-widget-heading .elementor-heading-title.elementor-size-large{font-size:29px}.elementor-widget-heading .elementor-heading-title.elementor-size-xl{font-size:39px}.elementor-widget-heading .elementor-heading-title.elementor-size-xxl{font-size:59px}<\/style>\n<h2>Seja impar\u00e1vel, seja feminina!<\/h2>\n<p>Bem-vinda ao site da &#8220;Impar\u00e1vel e Feminina&#8221;! Somos uma loja online que oferece uma variedade de produtos femininos afiliados, incluindo roupas, acess\u00f3rios, cosm\u00e9ticos e muito mais. N\u00f3s nos dedicamos a oferecer produtos de alta qualidade, com pre\u00e7os acess\u00edveis e que atendam \u00e0s necessidades e desejos das mulheres modernas.<\/p>\n<link rel=\"stylesheet\" href=\"http:\/\/sistematucuju.com.br\/imparavelefeminina\/wp-content\/plugins\/elementor\/assets\/css\/widget-icon-box.min.css\">\n<h3>\n\t\t\t\t\t\tSa\u00fade<br \/>\n\t\t\t\t<\/h3>\n<p>\n\t\t\t\t\t\tCuide da sua sa\u00fade com os melhores produtos para mulheres na nossa loja online!  N\u00f3s nos preocupamos com a sua sa\u00fade e queremos ajud\u00e1-la a ter uma vida mais saud\u00e1vel e equilibrada. Visite nossa loja online e encontre os produtos ideais para o seu estilo de vida!\t\t\t\t\t<\/p>\n<h3>\n\t\t\t\t\t\tBeleza<br \/>\n\t\t\t\t<\/h3>\n<p>\n\t\t\t\t\t\tN\u00f3s acreditamos que todas as mulheres merecem se sentir bonitas e confiantes em sua pr\u00f3pria pele. Com nossos produtos de alta qualidade, voc\u00ea pode real\u00e7ar sua beleza natural e destacar sua personalidade \u00fanica. Visite nossa loja online e descubra o que temos para oferecer!\t\t\t\t\t<\/p>\n<h2>Shop<\/h2>\n<style>\/*! elementor - v3.18.0 - 20-12-2023 *\/\n.elementor-widget-image{text-align:center}.elementor-widget-image a{display:inline-block}.elementor-widget-image a img[src$=\".svg\"]{width:48px}.elementor-widget-image img{vertical-align:middle;display:inline-block}<\/style>\n<p>\t\t\t\t\t\t\t\t\t\t\t\t<img loading=\"lazy\" decoding=\"async\" width=\"300\" height=\"300\" src=\"http:\/\/sistematucuju.com.br\/imparavelefeminina\/wp-content\/uploads\/sites\/8\/2023\/04\/3pt-300x300.png\" alt=\"\" srcset=\"https:\/\/sistematucuju.com.br\/imparavelefeminina\/wp-content\/uploads\/sites\/8\/2023\/04\/3pt-300x300.png 300w, https:\/\/sistematucuju.com.br\/imparavelefeminina\/wp-content\/uploads\/sites\/8\/2023\/04\/3pt-150x150.png 150w, https:\/\/sistematucuju.com.br\/imparavelefeminina\/wp-content\/uploads\/sites\/8\/2023\/04\/3pt.png 400w\" sizes=\"auto, (max-width: 300px) 100vw, 300px\" \/>\t\t\t\t\t\t\t\t\t\t\t\t\t\t\t<\/p>\n<h2>Dream Col\u00e1geno<\/h2>\n<p style=\"text-align: center;\">Melhora as rugas, pele ressecada, perda de sustenta\u00e7\u00e3o, bigode chin\u00eas, olheiras e linhas de express\u00e3o al\u00e9m de melhorar o aspecto cansado e envelhecido da pele,\u00a0<b>SEM USO DE AGULHAS ou PROCEDIMENTOS INVASIVOS<\/b><\/p>\n<p>\t\t\t<a href=\"https:\/\/dreamcolageno.com.br\/?mcr=AVD21470444\"><br \/>\n\t\t\t\t\t\tSaiba mais<br \/>\n\t\t\t\t\t<\/a><br \/>\n\t\t\t\t\t\t\t\t\t\t\t\t\t\t\t<img loading=\"lazy\" decoding=\"async\" width=\"300\" height=\"300\" src=\"http:\/\/sistematucuju.com.br\/imparavelefeminina\/wp-content\/uploads\/sites\/8\/2023\/04\/1-pote-2-300x300.png\" alt=\"\" srcset=\"https:\/\/sistematucuju.com.br\/imparavelefeminina\/wp-content\/uploads\/sites\/8\/2023\/04\/1-pote-2-300x300.png 300w, https:\/\/sistematucuju.com.br\/imparavelefeminina\/wp-content\/uploads\/sites\/8\/2023\/04\/1-pote-2-150x150.png 150w, https:\/\/sistematucuju.com.br\/imparavelefeminina\/wp-content\/uploads\/sites\/8\/2023\/04\/1-pote-2.png 500w\" sizes=\"auto, (max-width: 300px) 100vw, 300px\" \/>\t\t\t\t\t\t\t\t\t\t\t\t\t\t\t<\/p>\n<h2>Dream col\u00e1geno sol\u00favel<\/h2>\n<p style=\"text-align: center;\">O \u00fanico col\u00e1geno via oral espec\u00edfico para a pele com comprova\u00e7\u00e3o cient\u00edfica dos resultados. Possui \u00e1cido hialur\u00f4nico, dando maior firmeza e textura homog\u00eanea \u00e0 pele, reduzindo as rugas e linhas de express\u00e3o, al\u00e9m de <strong>prevenir o envelhecimento.<\/strong><\/p>\n<p>\t\t\t<a href=\"https:\/\/dreamcolagenosoluvel.com.br\/?mcr=AEE21515042\"><br \/>\n\t\t\t\t\t\tSaiba mais<br \/>\n\t\t\t\t\t<\/a><br \/>\n\t\t\t\t\t\t\t\t\t\t\t\t\t\t\t<img loading=\"lazy\" decoding=\"async\" width=\"300\" height=\"286\" src=\"http:\/\/sistematucuju.com.br\/imparavelefeminina\/wp-content\/uploads\/sites\/8\/2023\/04\/mockup-dobra-1-1-300x286.png\" alt=\"\" srcset=\"https:\/\/sistematucuju.com.br\/imparavelefeminina\/wp-content\/uploads\/sites\/8\/2023\/04\/mockup-dobra-1-1-300x286.png 300w, https:\/\/sistematucuju.com.br\/imparavelefeminina\/wp-content\/uploads\/sites\/8\/2023\/04\/mockup-dobra-1-1-768x731.png 768w, https:\/\/sistematucuju.com.br\/imparavelefeminina\/wp-content\/uploads\/sites\/8\/2023\/04\/mockup-dobra-1-1.png 794w\" sizes=\"auto, (max-width: 300px) 100vw, 300px\" \/>\t\t\t\t\t\t\t\t\t\t\t\t\t\t\t<\/p>\n<h2>Slim gotas<\/h2>\n<p style=\"text-align: center;\">Novo tratamento avan\u00e7ado, muito poderoso em gotas para queima de gordura. <b>Elimina gordura localizada, acaba com incha\u00e7o, regula o intestino, e muito mais.<\/b>\u00a0<\/p>\n<p>\t\t\t<a href=\"https:\/\/slimgota.com\/slimgota1\/?mcr=AME21601549\"><br \/>\n\t\t\t\t\t\tSaiba mais<br \/>\n\t\t\t\t\t<\/a><br \/>\n\t\t\t\t\t\t\t\t\t\t\t\t\t\t\t<img loading=\"lazy\" decoding=\"async\" width=\"300\" height=\"300\" src=\"http:\/\/sistematucuju.com.br\/imparavelefeminina\/wp-content\/uploads\/sites\/8\/2023\/04\/LiftDetoxBlack-300x300.png\" alt=\"\" srcset=\"https:\/\/sistematucuju.com.br\/imparavelefeminina\/wp-content\/uploads\/sites\/8\/2023\/04\/LiftDetoxBlack-300x300.png 300w, https:\/\/sistematucuju.com.br\/imparavelefeminina\/wp-content\/uploads\/sites\/8\/2023\/04\/LiftDetoxBlack-1024x1024.png 1024w, https:\/\/sistematucuju.com.br\/imparavelefeminina\/wp-content\/uploads\/sites\/8\/2023\/04\/LiftDetoxBlack-150x150.png 150w, https:\/\/sistematucuju.com.br\/imparavelefeminina\/wp-content\/uploads\/sites\/8\/2023\/04\/LiftDetoxBlack-768x768.png 768w, https:\/\/sistematucuju.com.br\/imparavelefeminina\/wp-content\/uploads\/sites\/8\/2023\/04\/LiftDetoxBlack.png 1080w\" sizes=\"auto, (max-width: 300px) 100vw, 300px\" \/>\t\t\t\t\t\t\t\t\t\t\t\t\t\t\t<\/p>\n<h2>Lift detox<\/h2>\n<p style=\"text-align: center;\">Um produto perfeito para auxiliar no seu emagrecimento. Reduz a vontade de comer, combate as estrias e celulite, promove melhorias na sua sa\u00fade, saud\u00e1vel e 100% natural, queima gordura localizada e acelera o metabolismo.<\/p>\n<p>\t\t\t<a href=\"https:\/\/slimgota.com\/slimgota1\/?mcr=AME21601549\"><br \/>\n\t\t\t\t\t\tSaiba mais<br \/>\n\t\t\t\t\t<\/a><\/p>\n<h2>Oferta!<\/h2>\n<p>Se voc\u00ea \u00e9 uma pessoa que precisa muito ter resultados e que sofre frequentemente com ANSIEDADE, o nosso PROGRAMA pode, definitivamente, te ajudar a partir de agora.\u00a0Programa de Reeduca\u00e7\u00e3o Alimentar ajuda mais de\u00a075.000 pessoas em 7 nos \u00faltimos 2 anos, que precisavam reduzir drasticamente suas\u00a0 gorduras corporais em poucos dias.<\/p>\n<p>\t\t\t<a href=\"https:\/\/app.monetizze.com.br\/r\/AST22438029\"><br \/>\n\t\t\t\t\t\tSaiba mais<br \/>\n\t\t\t\t\t<\/a><br \/>\n\t\t\t\t\t\t\t\t\t\t\t\t\t\t\t<img loading=\"lazy\" decoding=\"async\" width=\"500\" height=\"500\" src=\"http:\/\/sistematucuju.com.br\/imparavelefeminina\/wp-content\/uploads\/sites\/8\/2023\/05\/WhatsApp_Image_2023-05-23_at_12.43.40-removebg-preview.png\" alt=\"\" srcset=\"https:\/\/sistematucuju.com.br\/imparavelefeminina\/wp-content\/uploads\/sites\/8\/2023\/05\/WhatsApp_Image_2023-05-23_at_12.43.40-removebg-preview.png 500w, https:\/\/sistematucuju.com.br\/imparavelefeminina\/wp-content\/uploads\/sites\/8\/2023\/05\/WhatsApp_Image_2023-05-23_at_12.43.40-removebg-preview-300x300.png 300w, https:\/\/sistematucuju.com.br\/imparavelefeminina\/wp-content\/uploads\/sites\/8\/2023\/05\/WhatsApp_Image_2023-05-23_at_12.43.40-removebg-preview-150x150.png 150w\" sizes=\"auto, (max-width: 500px) 100vw, 500px\" \/>\t\t\t\t\t\t\t\t\t\t\t\t\t\t\t<\/p>\n<style>\/*! elementor - v3.18.0 - 20-12-2023 *\/\n.elementor-widget-image-box .elementor-image-box-content{width:100%}@media (min-width:768px){.elementor-widget-image-box.elementor-position-left .elementor-image-box-wrapper,.elementor-widget-image-box.elementor-position-right .elementor-image-box-wrapper{display:flex}.elementor-widget-image-box.elementor-position-right .elementor-image-box-wrapper{text-align:right;flex-direction:row-reverse}.elementor-widget-image-box.elementor-position-left .elementor-image-box-wrapper{text-align:left;flex-direction:row}.elementor-widget-image-box.elementor-position-top .elementor-image-box-img{margin:auto}.elementor-widget-image-box.elementor-vertical-align-top .elementor-image-box-wrapper{align-items:flex-start}.elementor-widget-image-box.elementor-vertical-align-middle .elementor-image-box-wrapper{align-items:center}.elementor-widget-image-box.elementor-vertical-align-bottom .elementor-image-box-wrapper{align-items:flex-end}}@media (max-width:767px){.elementor-widget-image-box .elementor-image-box-img{margin-left:auto!important;margin-right:auto!important;margin-bottom:15px}}.elementor-widget-image-box .elementor-image-box-img{display:inline-block}.elementor-widget-image-box .elementor-image-box-title a{color:inherit}.elementor-widget-image-box .elementor-image-box-wrapper{text-align:center}.elementor-widget-image-box .elementor-image-box-description{margin:0}<\/style>\n<figure><img loading=\"lazy\" decoding=\"async\" width=\"626\" height=\"626\" src=\"http:\/\/sistematucuju.com.br\/imparavelefeminina\/wp-content\/uploads\/sites\/8\/2023\/04\/instagram-icone-novo_1057-2227.png\" alt=\"\" \/><\/figure>\n<p>Confira o que acontece nas nossas redes sociais<\/p>\n<h2>Ficou com alguma d\u00favida?<br \/>\nEstre em contato conosco<\/h2>\n","protected":false},"excerpt":{"rendered":"<p>Seja impar\u00e1vel, seja feminina! Bem-vinda ao site da &#8220;Impar\u00e1vel e Feminina&#8221;! Somos uma loja online que oferece uma variedade de produtos femininos afiliados, incluindo roupas, acess\u00f3rios, cosm\u00e9ticos e muito mais. N\u00f3s nos dedicamos a oferecer produtos de alta qualidade, com pre\u00e7os acess\u00edveis e que atendam \u00e0s necessidades e desejos das mulheres modernas. Sa\u00fade Cuide da [&hellip;]<\/p>\n","protected":false},"author":1,"featured_media":119,"parent":0,"menu_order":0,"comment_status":"closed","ping_status":"closed","template":"elementor_header_footer","meta":{"site-sidebar-layout":"no-sidebar","site-content-layout":"page-builder","ast-site-content-layout":"","site-content-style":"default","site-sidebar-style":"default","ast-global-header-display":"","ast-banner-title-visibility":"","ast-main-header-display":"","ast-hfb-above-header-display":"","ast-hfb-below-header-display":"","ast-hfb-mobile-header-display":"","site-post-title":"disabled","ast-breadcrumbs-content":"","ast-featured-img":"disabled","footer-sml-layout":"","theme-transparent-header-meta":"","adv-header-id-meta":"","stick-header-meta":"","header-above-stick-meta":"","header-main-stick-meta":"","header-below-stick-meta":"","astra-migrate-meta-layouts":"default","ast-page-background-enabled":"default","ast-page-background-meta":{"desktop":{"background-color":"var(--ast-global-color-4)","background-image":"","background-repeat":"repeat","background-position":"center center","background-size":"auto","background-attachment":"scroll","background-type":"","background-media":"","overlay-type":"","overlay-color":"","overlay-opacity":"","overlay-gradient":""},"tablet":{"background-color":"","background-image":"","background-repeat":"repeat","background-position":"center center","background-size":"auto","background-attachment":"scroll","background-type":"","background-media":"","overlay-type":"","overlay-color":"","overlay-opacity":"","overlay-gradient":""},"mobile":{"background-color":"","background-image":"","background-repeat":"repeat","background-position":"center center","background-size":"auto","background-attachment":"scroll","background-type":"","background-media":"","overlay-type":"","overlay-color":"","overlay-opacity":"","overlay-gradient":""}},"ast-content-background-meta":{"desktop":{"background-color":"var(--ast-global-color-5)","background-image":"","background-repeat":"repeat","background-position":"center center","background-size":"auto","background-attachment":"scroll","background-type":"","background-media":"","overlay-type":"","overlay-color":"","overlay-opacity":"","overlay-gradient":""},"tablet":{"background-color":"var(--ast-global-color-5)","background-image":"","background-repeat":"repeat","background-position":"center center","background-size":"auto","background-attachment":"scroll","background-type":"","background-media":"","overlay-type":"","overlay-color":"","overlay-opacity":"","overlay-gradient":""},"mobile":{"background-color":"var(--ast-global-color-5)","background-image":"","background-repeat":"repeat","background-position":"center center","background-size":"auto","background-attachment":"scroll","background-type":"","background-media":"","overlay-type":"","overlay-color":"","overlay-opacity":"","overlay-gradient":""}},"footnotes":""},"class_list":["post-6","page","type-page","status-publish","has-post-thumbnail","hentry"],"_links":{"self":[{"href":"http:\/\/sistematucuju.com.br\/imparavelefeminina\/wp-json\/wp\/v2\/pages\/6","targetHints":{"allow":["GET"]}}],"collection":[{"href":"http:\/\/sistematucuju.com.br\/imparavelefeminina\/wp-json\/wp\/v2\/pages"}],"about":[{"href":"http:\/\/sistematucuju.com.br\/imparavelefeminina\/wp-json\/wp\/v2\/types\/page"}],"author":[{"embeddable":true,"href":"http:\/\/sistematucuju.com.br\/imparavelefeminina\/wp-json\/wp\/v2\/users\/1"}],"replies":[{"embeddable":true,"href":"http:\/\/sistematucuju.com.br\/imparavelefeminina\/wp-json\/wp\/v2\/comments?post=6"}],"version-history":[{"count":0,"href":"http:\/\/sistematucuju.com.br\/imparavelefeminina\/wp-json\/wp\/v2\/pages\/6\/revisions"}],"wp:featuredmedia":[{"embeddable":true,"href":"http:\/\/sistematucuju.com.br\/imparavelefeminina\/wp-json\/wp\/v2\/media\/119"}],"wp:attachment":[{"href":"http:\/\/sistematucuju.com.br\/imparavelefeminina\/wp-json\/wp\/v2\/media?parent=6"}],"curies":[{"name":"wp","href":"https:\/\/api.w.org\/{rel}","templated":true}]}}